{"id":2,"date":"2015-07-18T09:25:32","date_gmt":"2015-07-18T08:25:32","guid":{"rendered":"http:\/\/www.canoe-gorges-tarn.com\/infos\/?page_id=2"},"modified":"2019-05-21T21:40:13","modified_gmt":"2019-05-21T20:40:13","slug":"mentions","status":"publish","type":"page","link":"https:\/\/www.canoe-gorges-tarn.com\/infos\/mentions","title":{"rendered":"Mentions l\u00e9gales"},"content":{"rendered":"<p>Le site <a href=\"http:\/\/www.canoe-gorges-tarn.com\/\">Cano\u00eb Gorges du Tarn<\/a> recense les diff\u00e9rentes descentes en cano\u00eb et kayak dans les Gorges du Tarn sur une journ\u00e9e. Trouver un parcours et un loueur n&rsquo;a jamais \u00e9t\u00e9 aussi facile.<\/p>\n<h2>A propos des tarifs affich\u00e9s<\/h2>\n<p>Les prix affich\u00e9s sur le site ont \u00e9t\u00e9 relev\u00e9s le\u00a0<strong>21 mai 2019<\/strong>\u00a0sur les sites des diff\u00e9rents loueurs de cano\u00eb r\u00e9f\u00e9renc\u00e9s sur le site. Ils sont donn\u00e9s \u00e0 titre indicatifs et sont susceptibles d&rsquo;\u00eatre modifi\u00e9s \u00e0 tout moment sur les loueurs. Le site ne r\u00e9f\u00e9rence pas les \u00e9ventuelles remises propos\u00e9es par les loueurs via des cartes de r\u00e9duction \u00e9ventuellement mises en place, les tarifs de groupe ou les options propos\u00e9es en sus (kayak confort).<\/p>\n<p>Les tarifs de location de r\u00e9f\u00e9rence sont ceux affich\u00e9s par les soci\u00e9t\u00e9s de location de cano\u00eb sur leurs sites respectifs pour des adultes et en pleine saison. Si vous constatez une diff\u00e9rence, n&rsquo;h\u00e9sitez pas \u00e0 <a href=\"http:\/\/www.canoe-gorges-tarn.com\/infos\/contact\">nous contacter<\/a>.<\/p>\n<p>Le service n&rsquo;est affili\u00e9 avec aucun loueur de cano\u00eb. L&rsquo;affichage des parcours est class\u00e9 selon le nombre d&rsquo;offres disponibles, et les loueurs d&rsquo;un m\u00eame parcours sont ensuite class\u00e9s selon leur tarif adulte pour un m\u00eame parcours, du plus au moins cher.<\/p>\n<h2>Responsable de la publication<\/h2>\n<p>Jean-Yves FORT, 42 rue droite 12100 Millau\u00a0\u2013 France<br \/>\nT\u00e9l : 06 71 03 11 72<\/p>\n<h2>H\u00e9bergement du site<\/h2>\n<p>OVH,\u00a02 rue Kellermann 59100 Roubaix \u2013 France<\/p>\n<h2>Contenus<\/h2>\n<p>L\u2019ensemble des contenus de ce site est soumis \u00e0 la l\u00e9gislation fran\u00e7aise sur le droit d\u2019auteur et la propri\u00e9t\u00e9 intellectuelle. La reproduction des contenus du site (textes, images et logos) est interdite, sauf courtes citations accompagn\u00e9es d\u2019un lien vers le contenu original ou accord de l\u2019auteur des contenus.<\/p>\n<h2>Donn\u00e9es personnelles<\/h2>\n<p>Vous pouvez visiter canoe-gorges-tarn.com\u00a0sans avoir \u00e0 d\u00e9cliner votre identit\u00e9 et fournir d\u2019informations personnelles vous concernant. Cependant, si vous utilisez certaines fonctions, nous pouvons vous demander des informations, comme par exemple lorsque vous d\u00e9cidez de commenter un article ou d\u2019utiliser une fonctionnalit\u00e9 sociale via Facebook. Vous pouvez d\u00e9sactiver les publicit\u00e9s, les scripts de suivi d\u2019audience et les fonctions sociales en utilisant un logiciel comme Adblock et en interdisant les cookies sur votre navigateur pour ce site.<\/p>\n<h2>Cr\u00e9dits photos<\/h2>\n<ul>\n<li>Jean-Yves FORT<\/li>\n<\/ul>\n","protected":false},"excerpt":{"rendered":"<p>Le site Cano\u00eb Gorges du Tarn recense les diff\u00e9rentes descentes en cano\u00eb et kayak dans les Gorges du Tarn sur une journ\u00e9e. Trouver un parcours et un loueur n&rsquo;a jamais \u00e9t\u00e9 aussi facile. A propos des tarifs affich\u00e9s Les prix affich\u00e9s sur le site ont \u00e9t\u00e9 relev\u00e9s le\u00a021 mai 2019\u00a0sur les sites des diff\u00e9rents loueurs &hellip; <a href=\"https:\/\/www.canoe-gorges-tarn.com\/infos\/mentions\" class=\"more-link\">Continuer la lecture de <span class=\"screen-reader-text\">Mentions l\u00e9gales<\/span><\/a><\/p>\n","protected":false},"author":1,"featured_media":0,"parent":0,"menu_order":0,"comment_status":"closed","ping_status":"closed","template":"","meta":{"footnotes":""},"class_list":["post-2","page","type-page","status-publish","hentry"],"yoast_head":"<!-- This site is optimized with the Yoast SEO plugin v27.5 - https:\/\/yoast.com\/product\/yoast-seo-wordpress\/ -->\n<title>Mentions l\u00e9gales - Gorges du Tarn<\/title>\n<meta name=\"robots\" content=\"index, follow, max-snippet:-1, max-image-preview:large, max-video-preview:-1\" \/>\n<link rel=\"canonical\" href=\"https:\/\/www.canoe-gorges-tarn.com\/infos\/mentions\" \/>\n<meta property=\"og:locale\" content=\"fr_FR\" \/>\n<meta property=\"og:type\" content=\"article\" \/>\n<meta property=\"og:title\" content=\"Mentions l\u00e9gales - Gorges du Tarn\" \/>\n<meta property=\"og:description\" content=\"Le site Cano\u00eb Gorges du Tarn recense les diff\u00e9rentes descentes en cano\u00eb et kayak dans les Gorges du Tarn sur une journ\u00e9e. Trouver un parcours et un loueur n&rsquo;a jamais \u00e9t\u00e9 aussi facile. A propos des tarifs affich\u00e9s Les prix affich\u00e9s sur le site ont \u00e9t\u00e9 relev\u00e9s le\u00a021 mai 2019\u00a0sur les sites des diff\u00e9rents loueurs &hellip; Continuer la lecture de Mentions l\u00e9gales\" \/>\n<meta property=\"og:url\" content=\"https:\/\/www.canoe-gorges-tarn.com\/infos\/mentions\" \/>\n<meta property=\"og:site_name\" content=\"Gorges du Tarn\" \/>\n<meta property=\"article:modified_time\" content=\"2019-05-21T20:40:13+00:00\" \/>\n<meta name=\"twitter:card\" content=\"summary_large_image\" \/>\n<meta name=\"twitter:label1\" content=\"Dur\u00e9e de lecture estim\u00e9e\" \/>\n\t<meta name=\"twitter:data1\" content=\"2 minutes\" \/>\n<script type=\"application\/ld+json\" class=\"yoast-schema-graph\">{\"@context\":\"https:\\\/\\\/schema.org\",\"@graph\":[{\"@type\":\"WebPage\",\"@id\":\"https:\\\/\\\/www.canoe-gorges-tarn.com\\\/infos\\\/mentions\",\"url\":\"https:\\\/\\\/www.canoe-gorges-tarn.com\\\/infos\\\/mentions\",\"name\":\"Mentions l\u00e9gales - Gorges du Tarn\",\"isPartOf\":{\"@id\":\"https:\\\/\\\/www.canoe-gorges-tarn.com\\\/infos\\\/#website\"},\"datePublished\":\"2015-07-18T08:25:32+00:00\",\"dateModified\":\"2019-05-21T20:40:13+00:00\",\"breadcrumb\":{\"@id\":\"https:\\\/\\\/www.canoe-gorges-tarn.com\\\/infos\\\/mentions#breadcrumb\"},\"inLanguage\":\"fr-FR\",\"potentialAction\":[{\"@type\":\"ReadAction\",\"target\":[\"https:\\\/\\\/www.canoe-gorges-tarn.com\\\/infos\\\/mentions\"]}]},{\"@type\":\"BreadcrumbList\",\"@id\":\"https:\\\/\\\/www.canoe-gorges-tarn.com\\\/infos\\\/mentions#breadcrumb\",\"itemListElement\":[{\"@type\":\"ListItem\",\"position\":1,\"name\":\"Accueil\",\"item\":\"https:\\\/\\\/www.canoe-gorges-tarn.com\\\/infos\"},{\"@type\":\"ListItem\",\"position\":2,\"name\":\"Mentions l\u00e9gales\"}]},{\"@type\":\"WebSite\",\"@id\":\"https:\\\/\\\/www.canoe-gorges-tarn.com\\\/infos\\\/#website\",\"url\":\"https:\\\/\\\/www.canoe-gorges-tarn.com\\\/infos\\\/\",\"name\":\"Gorges du Tarn\",\"description\":\"Cano\u00eb et kayak dans les Gorges du Tarn\",\"potentialAction\":[{\"@type\":\"SearchAction\",\"target\":{\"@type\":\"EntryPoint\",\"urlTemplate\":\"https:\\\/\\\/www.canoe-gorges-tarn.com\\\/infos\\\/?s={search_term_string}\"},\"query-input\":{\"@type\":\"PropertyValueSpecification\",\"valueRequired\":true,\"valueName\":\"search_term_string\"}}],\"inLanguage\":\"fr-FR\"}]}<\/script>\n<!-- \/ Yoast SEO plugin. -->","yoast_head_json":{"title":"Mentions l\u00e9gales - Gorges du Tarn","robots":{"index":"index","follow":"follow","max-snippet":"max-snippet:-1","max-image-preview":"max-image-preview:large","max-video-preview":"max-video-preview:-1"},"canonical":"https:\/\/www.canoe-gorges-tarn.com\/infos\/mentions","og_locale":"fr_FR","og_type":"article","og_title":"Mentions l\u00e9gales - Gorges du Tarn","og_description":"Le site Cano\u00eb Gorges du Tarn recense les diff\u00e9rentes descentes en cano\u00eb et kayak dans les Gorges du Tarn sur une journ\u00e9e. Trouver un parcours et un loueur n&rsquo;a jamais \u00e9t\u00e9 aussi facile. A propos des tarifs affich\u00e9s Les prix affich\u00e9s sur le site ont \u00e9t\u00e9 relev\u00e9s le\u00a021 mai 2019\u00a0sur les sites des diff\u00e9rents loueurs &hellip; Continuer la lecture de Mentions l\u00e9gales","og_url":"https:\/\/www.canoe-gorges-tarn.com\/infos\/mentions","og_site_name":"Gorges du Tarn","article_modified_time":"2019-05-21T20:40:13+00:00","twitter_card":"summary_large_image","twitter_misc":{"Dur\u00e9e de lecture estim\u00e9e":"2 minutes"},"schema":{"@context":"https:\/\/schema.org","@graph":[{"@type":"WebPage","@id":"https:\/\/www.canoe-gorges-tarn.com\/infos\/mentions","url":"https:\/\/www.canoe-gorges-tarn.com\/infos\/mentions","name":"Mentions l\u00e9gales - Gorges du Tarn","isPartOf":{"@id":"https:\/\/www.canoe-gorges-tarn.com\/infos\/#website"},"datePublished":"2015-07-18T08:25:32+00:00","dateModified":"2019-05-21T20:40:13+00:00","breadcrumb":{"@id":"https:\/\/www.canoe-gorges-tarn.com\/infos\/mentions#breadcrumb"},"inLanguage":"fr-FR","potentialAction":[{"@type":"ReadAction","target":["https:\/\/www.canoe-gorges-tarn.com\/infos\/mentions"]}]},{"@type":"BreadcrumbList","@id":"https:\/\/www.canoe-gorges-tarn.com\/infos\/mentions#breadcrumb","itemListElement":[{"@type":"ListItem","position":1,"name":"Accueil","item":"https:\/\/www.canoe-gorges-tarn.com\/infos"},{"@type":"ListItem","position":2,"name":"Mentions l\u00e9gales"}]},{"@type":"WebSite","@id":"https:\/\/www.canoe-gorges-tarn.com\/infos\/#website","url":"https:\/\/www.canoe-gorges-tarn.com\/infos\/","name":"Gorges du Tarn","description":"Cano\u00eb et kayak dans les Gorges du Tarn","potentialAction":[{"@type":"SearchAction","target":{"@type":"EntryPoint","urlTemplate":"https:\/\/www.canoe-gorges-tarn.com\/infos\/?s={search_term_string}"},"query-input":{"@type":"PropertyValueSpecification","valueRequired":true,"valueName":"search_term_string"}}],"inLanguage":"fr-FR"}]}},"_links":{"self":[{"href":"https:\/\/www.canoe-gorges-tarn.com\/infos\/wp-json\/wp\/v2\/pages\/2","targetHints":{"allow":["GET"]}}],"collection":[{"href":"https:\/\/www.canoe-gorges-tarn.com\/infos\/wp-json\/wp\/v2\/pages"}],"about":[{"href":"https:\/\/www.canoe-gorges-tarn.com\/infos\/wp-json\/wp\/v2\/types\/page"}],"author":[{"embeddable":true,"href":"https:\/\/www.canoe-gorges-tarn.com\/infos\/wp-json\/wp\/v2\/users\/1"}],"replies":[{"embeddable":true,"href":"https:\/\/www.canoe-gorges-tarn.com\/infos\/wp-json\/wp\/v2\/comments?post=2"}],"version-history":[{"count":8,"href":"https:\/\/www.canoe-gorges-tarn.com\/infos\/wp-json\/wp\/v2\/pages\/2\/revisions"}],"predecessor-version":[{"id":71,"href":"https:\/\/www.canoe-gorges-tarn.com\/infos\/wp-json\/wp\/v2\/pages\/2\/revisions\/71"}],"wp:attachment":[{"href":"https:\/\/www.canoe-gorges-tarn.com\/infos\/wp-json\/wp\/v2\/media?parent=2"}],"curies":[{"name":"wp","href":"https:\/\/api.w.org\/{rel}","templated":true}]}}